{"id":54,"date":"2020-03-15T09:46:40","date_gmt":"2020-03-15T09:46:40","guid":{"rendered":"https:\/\/www.chekealoec.com\/sitio\/home\/"},"modified":"2024-10-02T18:53:24","modified_gmt":"2024-10-02T18:53:24","slug":"bienvenidos-con-chekealo-puedes-buscar-y-comprar-con-comodidad-los-mejores-productos-ademas-de-ahorrar-dinero","status":"publish","type":"page","link":"https:\/\/www.chekealoec.com\/sitio\/","title":{"rendered":"Bienvenidos &#8211; Con Chekealo! puedes buscar y comprar con comodidad los mejores productos adem\u00e1s de ahorrar dinero."},"content":{"rendered":"<section>\n            <a href=\"https:\/\/play.google.com\/store\/apps\/details?id=com.isoft.chekealo\"><\/p>\n<h1>Descarga La App y Compra sin Salir de Casa!<br \/>\n<\/h1>\n<p><\/a><\/p>\n<p>Tenemos gran variedad de productos a tu disposici\u00f3n.<\/p>\n<\/section>\n<p>\t\t\t\t\t\t\t\t\t\t\t<a href=\"https:\/\/play.google.com\/store\/apps\/details?id=com.isoft.chekealo\"><br \/>\n\t\t\t\t\t\t\t<img loading=\"lazy\" decoding=\"async\" width=\"316\" height=\"108\" src=\"https:\/\/www.chekealoec.com\/sitio\/wp-content\/uploads\/2020\/07\/android.png\" alt=\"\" \/>\t\t\t\t\t\t\t\t<\/a><br \/>\n\t\t\t\t\t\t\t\t\t\t<img loading=\"lazy\" decoding=\"async\" width=\"298\" height=\"100\" src=\"https:\/\/www.chekealoec.com\/sitio\/wp-content\/uploads\/2020\/07\/ios.png\" alt=\"\" \/><br \/>\n\t\t<!-- MasterSlider --><br \/>\n\t\t\t<!-- MasterSlider Main --><br \/>\n\t\t\t\t\t<img decoding=\"async\"  src=\"https:\/\/www.chekealoec.com\/sitio\/wp-content\/plugins\/masterslider\/public\/assets\/css\/blank.gif\" data-src=\"https:\/\/www.chekealoec.com\/sitio\/wp-content\/uploads\/2019\/07\/Screen-final-2.png\" alt=\"\" style=\"width:415px;height:843px;\"     data-ease=\"easeOutQuint\"        data-type=\"image\"          data-offset-x=\"1\" data-offset-y=\"1\" data-origin=\"mc\" data-position=\"normal\" \/><br \/>\n\t\t\t\t\t<img decoding=\"async\"  src=\"https:\/\/www.chekealoec.com\/sitio\/wp-content\/plugins\/masterslider\/public\/assets\/css\/blank.gif\" data-src=\"https:\/\/www.chekealoec.com\/sitio\/wp-content\/uploads\/2020\/04\/WhatsApp-Image-2020-07-23-at-1.12.14-PM.jpeg\" alt=\"\" style=\"width:379px;height:793px;\"             data-type=\"image\"          data-offset-x=\"19\" data-offset-y=\"17\" data-origin=\"tl\" data-position=\"static\" \/><br \/>\n\t\t\t\t\t<img decoding=\"async\"  src=\"https:\/\/www.chekealoec.com\/sitio\/wp-content\/plugins\/masterslider\/public\/assets\/css\/blank.gif\" data-src=\"https:\/\/www.chekealoec.com\/sitio\/wp-content\/uploads\/2020\/04\/WhatsApp-Image-2020-07-23-at-1.12.41-PM.jpeg\" alt=\"\" style=\"width:379px;height:793px;\"             data-type=\"image\"          data-offset-x=\"19\" data-offset-y=\"17\" data-origin=\"tl\" data-position=\"static\" \/><br \/>\n\t\t\t\t\t<img decoding=\"async\"  src=\"https:\/\/www.chekealoec.com\/sitio\/wp-content\/plugins\/masterslider\/public\/assets\/css\/blank.gif\" data-src=\"https:\/\/www.chekealoec.com\/sitio\/wp-content\/uploads\/2020\/04\/WhatsApp-Image-2020-07-23-at-1.13.37-PM.jpeg\" alt=\"\" style=\"width:379px;height:793px;\"             data-type=\"image\"          data-offset-x=\"19\" data-offset-y=\"17\" data-origin=\"tl\" data-position=\"static\" \/><br \/>\n\t\t\t<!-- END MasterSlider Main --><br \/>\n\t\t<!-- END MasterSlider --><br \/>\n            <img decoding=\"async\" src=\"https:\/\/www.chekealoec.com\/sitio\/wp-content\/uploads\/2020\/07\/33final-4.png\" title=\"33final-4\" alt=\"33final-4\" \/><br \/>\n\t\t<!--?xpacket begin=\"\" id=\"W5M0MpCehiHzreSzNTczkc9d\"?--><br \/>\n<!--?xpacket end=\"w\"?--><\/p>\n<style>\n      .cls-1, .cls-2, .cls-3, .cls-4 {<br \/>        fill-rule: evenodd;<br \/>      }<\/p>\n<p>      .cls-1 {<br \/>        opacity: 0.1;<br \/>        fill: url(#linear-gradient);<br \/>      }<\/p>\n<p>      .cls-2 {<br \/>        opacity: 0.15;<br \/>        fill: url(#linear-gradient-2);<br \/>      }<\/p>\n<p>      .cls-3 {<br \/>        fill: #fff;<br \/>      }<\/p>\n<p>      .cls-4 {<br \/>        fill: #8f0074;<br \/>      }<br \/>    <\/style>\n<section>\n<h2>Comodidad, Tranquilidad y Confianza<\/h2>\n<\/section>\n<section style=\"\" >\n                                                                <img loading=\"lazy\" decoding=\"async\" width=\"1000\" height=\"563\" src=\"https:\/\/www.chekealoec.com\/sitio\/wp-content\/uploads\/2020\/07\/34067cc0d78edeb4414fabdd4335d205.png\" alt=\"34067cc0d78edeb4414fabdd4335d205\" data-ratio=\"1.78\" data-original-w=\"1000\" \/>                                                    <\/p>\n<h4>Compra Sin Hacer Fila <\/h4>\n<p>Compra en L\u00ednea y Olv\u00eddate de las interminables Colas\u00a0<\/p>\n<\/section>\n<p><!-- widget-container -->\t\t<\/p>\n<section style=\"\" >\n                                                                <img loading=\"lazy\" decoding=\"async\" width=\"1000\" height=\"563\" src=\"https:\/\/www.chekealoec.com\/sitio\/wp-content\/uploads\/2020\/07\/edeb4414fabdd4335d205.png\" alt=\"edeb4414fabdd4335d205\" data-ratio=\"1.78\" data-original-w=\"1000\" \/>                                                    <\/p>\n<h4>Compra desde Tu Casa!!<\/h4>\n<p>Sentado, Parado, Acostado, Viendo Pel\u00edculas, compra en l\u00ednea nuestros productos y los llevaremos donde nos digas!<\/p>\n<\/section>\n<p><!-- widget-container -->\t\t<\/p>\n<section style=\"\" >\n                                                                <img loading=\"lazy\" decoding=\"async\" width=\"1000\" height=\"563\" src=\"https:\/\/www.chekealoec.com\/sitio\/wp-content\/uploads\/2020\/07\/1cb0137df680cd7e9a8921f9d4823de8.png\" alt=\"1cb0137df680cd7e9a8921f9d4823de8\" data-ratio=\"1.78\" data-original-w=\"1000\" \/>                                                    <\/p>\n<h4>Confianza!!<\/h4>\n<p>Todos nuestros pedidos son revisados, y contactados con cada cliente, tu seguridad y confianza son nuestro principal requisito!.<\/p>\n<\/section>\n<p><!-- widget-container -->\t\t<\/p>\n<section style=\"\" >\n            <img loading=\"lazy\" decoding=\"async\" width=\"883\" height=\"235\" src=\"data:image\/gif;base64,R0lGODlhAQABAIAAAAAAAP\/\/\/yH5BAEAAAAALAAAAAABAAEAAAIBRAA7\" alt=\"33\" data-ratio=\"3.76\" data-original-w=\"883\" sizes=\"auto\" data-srcset=\"https:\/\/www.chekealoec.com\/sitio\/wp-content\/uploads\/2020\/07\/33-150x40.png 150w,https:\/\/www.chekealoec.com\/sitio\/wp-content\/uploads\/2020\/07\/33-300x80.png 300w,https:\/\/www.chekealoec.com\/sitio\/wp-content\/uploads\/2020\/07\/33-768x204.png 768w,https:\/\/www.chekealoec.com\/sitio\/wp-content\/uploads\/2020\/07\/33-883x235.png 883w\" data-src=\"https:\/\/www.chekealoec.com\/sitio\/wp-content\/uploads\/2020\/07\/33-883x235.png\" \/><br \/>\n<\/section>\n<p><!-- widget-container -->\t\t<\/p>\n<section style=\"\" >\n            <img loading=\"lazy\" decoding=\"async\" width=\"909\" height=\"240\" src=\"data:image\/gif;base64,R0lGODlhAQABAIAAAAAAAP\/\/\/yH5BAEAAAAALAAAAAABAAEAAAIBRAA7\" alt=\"11\" data-ratio=\"3.79\" data-original-w=\"909\" sizes=\"auto\" data-srcset=\"https:\/\/www.chekealoec.com\/sitio\/wp-content\/uploads\/2020\/07\/11-150x40.png 150w,https:\/\/www.chekealoec.com\/sitio\/wp-content\/uploads\/2020\/07\/11-300x79.png 300w,https:\/\/www.chekealoec.com\/sitio\/wp-content\/uploads\/2020\/07\/11-768x203.png 768w,https:\/\/www.chekealoec.com\/sitio\/wp-content\/uploads\/2020\/07\/11-909x240.png 909w\" data-src=\"https:\/\/www.chekealoec.com\/sitio\/wp-content\/uploads\/2020\/07\/11-909x240.png\" \/><br \/>\n<\/section>\n<p><!-- widget-container -->\t\t<\/p>\n<section style=\"\" >\n            <img loading=\"lazy\" decoding=\"async\" width=\"909\" height=\"210\" src=\"data:image\/gif;base64,R0lGODlhAQABAIAAAAAAAP\/\/\/yH5BAEAAAAALAAAAAABAAEAAAIBRAA7\" alt=\"22\" data-ratio=\"4.38\" data-original-w=\"909\" sizes=\"auto\" data-srcset=\"https:\/\/www.chekealoec.com\/sitio\/wp-content\/uploads\/2020\/07\/22-1-150x34.png 150w,https:\/\/www.chekealoec.com\/sitio\/wp-content\/uploads\/2020\/07\/22-1-300x69.png 300w,https:\/\/www.chekealoec.com\/sitio\/wp-content\/uploads\/2020\/07\/22-1-768x175.png 768w,https:\/\/www.chekealoec.com\/sitio\/wp-content\/uploads\/2020\/07\/22-1-919x210.png 909w\" data-src=\"https:\/\/www.chekealoec.com\/sitio\/wp-content\/uploads\/2020\/07\/22-1-919x210.png\" \/><br \/>\n<\/section>\n<p><!-- widget-container -->\t\t<\/p>\n<section>\n<h2>Disfruta de la mejor app de compra en l\u00ednea de Ecuador.<br \/>\n<\/h2>\n<\/section>\n<section style=\"\" >\n<ul >\n<li >Crea tu Tienda y vende tus productos.<\/li>\n<li >Puedes ofrecer tus servicios en nuestra plataforma.<\/li>\n<li >Hacemos env\u00edos de forma confiable.<\/li>\n<li >Plataforma completamente segura.<\/li>\n<\/ul>\n<\/section>\n<p><!-- widget-container --><br \/>\n                    <a href=\"https:\/\/play.google.com\/store\/apps\/details?id=com.isoft.chekealo\"><br \/>\nDescargar Ahora<br \/>\n            <\/a><\/p>\n<section>\n<h2>Todos Tus Productos Favoritos en un Solo Lugar!<\/h2>\n<p>Encuentra este y M\u00e1s Productos descargando nuestra App !<\/p>\n<\/section>\n<figure><img decoding=\"async\" src=\"https:\/\/www.chekealoec.com\/sitio\/wp-content\/uploads\/2020\/07\/ecdb39e4bd2615847ca3845b36969a6a.png\" alt=\"ecdb39e4bd2615847ca3845b36969a6a\" \/><\/figure>\n<figure><img decoding=\"async\" src=\"https:\/\/www.chekealoec.com\/sitio\/wp-content\/uploads\/2020\/07\/1077321c06a3a877057d46a6d415a2b2.png\" alt=\"1077321c06a3a877057d46a6d415a2b2\" \/><\/figure>\n<figure><img decoding=\"async\" src=\"https:\/\/www.chekealoec.com\/sitio\/wp-content\/uploads\/2020\/07\/02e0b507bc8184bb0701c5d4b1ce78aa.png\" alt=\"02e0b507bc8184bb0701c5d4b1ce78aa\" \/><\/figure>\n<figure><img decoding=\"async\" src=\"https:\/\/www.chekealoec.com\/sitio\/wp-content\/uploads\/2020\/07\/13dabf769cbfe980ee21c8809aac3767.jpg\" alt=\"13dabf769cbfe980ee21c8809aac3767\" \/><\/figure>\n<figure><img decoding=\"async\" src=\"https:\/\/www.chekealoec.com\/sitio\/wp-content\/uploads\/2020\/07\/694710f79e5522c07c0c7f18f6cc30f5.png\" alt=\"694710f79e5522c07c0c7f18f6cc30f5\" \/><\/figure>\n<figure><img decoding=\"async\" src=\"https:\/\/www.chekealoec.com\/sitio\/wp-content\/uploads\/2020\/07\/a003ecd66227a88d6ff23c62eac8bd08-1000x1024.png\" alt=\"a003ecd66227a88d6ff23c62eac8bd08\" \/><\/figure>\n<figure><img decoding=\"async\" src=\"https:\/\/www.chekealoec.com\/sitio\/wp-content\/uploads\/2020\/07\/d1fa6b96d5f00275e37c7c92d943564a.jpg\" alt=\"d1fa6b96d5f00275e37c7c92d943564a\" \/><\/figure>\n<figure><img decoding=\"async\" src=\"https:\/\/www.chekealoec.com\/sitio\/wp-content\/uploads\/2020\/07\/ecdb39e4bd2615847ca3845b36969a6a-1.png\" alt=\"ecdb39e4bd2615847ca3845b36969a6a\" \/><\/figure>\n<p>\t\t\t\t\t\tAnterior<br \/>\n\t\t\t\t\t\tSiguiente<\/p>\n<section style=\"\" >\n            <img loading=\"lazy\" decoding=\"async\" width=\"409\" height=\"881\" src=\"data:image\/gif;base64,R0lGODlhAQABAIAAAAAAAP\/\/\/yH5BAEAAAAALAAAAAABAAEAAAIBRAA7\" alt=\"22esign-here5-1-1-409x881\" data-ratio=\"0.46\" data-original-w=\"409\" sizes=\"auto\" data-srcset=\"https:\/\/www.chekealoec.com\/sitio\/wp-content\/uploads\/2020\/07\/22esign-here5-1-1-409x881-1-150x323.png 150w,https:\/\/www.chekealoec.com\/sitio\/wp-content\/uploads\/2020\/07\/22esign-here5-1-1-409x881-1-300x646.png 300w,https:\/\/www.chekealoec.com\/sitio\/wp-content\/uploads\/2020\/07\/22esign-here5-1-1-409x881-1-409x881.png 409w\" data-src=\"https:\/\/www.chekealoec.com\/sitio\/wp-content\/uploads\/2020\/07\/22esign-here5-1-1-409x881-1-409x881.png\" \/><br \/>\n<\/section>\n<p><!-- widget-container --><\/p>\n","protected":false},"excerpt":{"rendered":"<p>Descarga La App y Compra sin Salir de Casa! Tenemos gran variedad de productos a tu disposici\u00f3n. Comodidad, Tranquilidad y Confianza Compra Sin Hacer Fila Compra en L\u00ednea y Olv\u00eddate de las interminables Colas\u00a0 Compra desde Tu Casa!! Sentado, Parado, Acostado, Viendo Pel\u00edculas, compra en l\u00ednea nuestros productos y los llevaremos donde nos digas! Confianza!! [&hellip;]<\/p>\n","protected":false},"author":1,"featured_media":0,"parent":0,"menu_order":0,"comment_status":"closed","ping_status":"closed","template":"templates\/page-builder-content.php","meta":{"content-type":"","_joinchat":[],"footnotes":""},"class_list":["post-54","page","type-page","status-publish","hentry"],"yoast_head":"<!-- This site is optimized with the Yoast SEO plugin v25.6 - https:\/\/yoast.com\/wordpress\/plugins\/seo\/ -->\n<title>Bienvenidos - Con Chekealo! puedes buscar y comprar con comodidad los mejores productos adem\u00e1s de ahorrar dinero. &#8902; Chekealo<\/title>\n<meta name=\"description\" content=\"Con Chekealo! puedes buscar y comprar con comodidad los mejores productos adem\u00e1s de ahorrar dinero. Obt\u00e9n grandes descuentos ademas de ser una plataforma de servicios para todo el ecuador. App Movil, Chekealo, Android, Comprar, Ecuador, Productos, Juguetes, Regalos, Ferreter\u00eda, Obsequios, Aplicaci\u00f3n, Zapatos, Ropa, Comercio electr\u00f3nico, P\u00e1gina web, Publicidad, Marketing, Aplicaciones.\" \/>\n<meta name=\"robots\" content=\"index, follow, max-snippet:-1, max-image-preview:large, max-video-preview:-1\" \/>\n<link rel=\"canonical\" href=\"https:\/\/www.chekealoec.com\/sitio\/\" \/>\n<meta property=\"og:locale\" content=\"es_ES\" \/>\n<meta property=\"og:type\" content=\"article\" \/>\n<meta property=\"og:title\" content=\"Bienvenidos - Con Chekealo! puedes buscar y comprar con comodidad los mejores productos adem\u00e1s de ahorrar dinero. &#8902; Chekealo\" \/>\n<meta property=\"og:description\" content=\"Con Chekealo! puedes buscar y comprar con comodidad los mejores productos adem\u00e1s de ahorrar dinero. Obt\u00e9n grandes descuentos ademas de ser una plataforma de servicios para todo el ecuador. App Movil, Chekealo, Android, Comprar, Ecuador, Productos, Juguetes, Regalos, Ferreter\u00eda, Obsequios, Aplicaci\u00f3n, Zapatos, Ropa, Comercio electr\u00f3nico, P\u00e1gina web, Publicidad, Marketing, Aplicaciones.\" \/>\n<meta property=\"og:url\" content=\"https:\/\/www.chekealoec.com\/sitio\/\" \/>\n<meta property=\"og:site_name\" content=\"Chekealo\" \/>\n<meta property=\"article:publisher\" content=\"https:\/\/www.facebook.com\/Chekealo.ec\/\" \/>\n<meta property=\"article:modified_time\" content=\"2024-10-02T18:53:24+00:00\" \/>\n<meta property=\"og:image\" content=\"https:\/\/www.chekealoec.com\/sitio\/wp-content\/uploads\/2020\/07\/android.png\" \/>\n<meta name=\"twitter:card\" content=\"summary_large_image\" \/>\n<meta name=\"twitter:label1\" content=\"Tiempo de lectura\" \/>\n\t<meta name=\"twitter:data1\" content=\"5 minutos\" \/>\n<script type=\"application\/ld+json\" class=\"yoast-schema-graph\">{\"@context\":\"https:\/\/schema.org\",\"@graph\":[{\"@type\":\"WebPage\",\"@id\":\"https:\/\/www.chekealoec.com\/sitio\/\",\"url\":\"https:\/\/www.chekealoec.com\/sitio\/\",\"name\":\"Bienvenidos - Con Chekealo! puedes buscar y comprar con comodidad los mejores productos adem\u00e1s de ahorrar dinero. &#8902; Chekealo\",\"isPartOf\":{\"@id\":\"https:\/\/www.chekealoec.com\/sitio\/#website\"},\"primaryImageOfPage\":{\"@id\":\"https:\/\/www.chekealoec.com\/sitio\/#primaryimage\"},\"image\":{\"@id\":\"https:\/\/www.chekealoec.com\/sitio\/#primaryimage\"},\"thumbnailUrl\":\"https:\/\/www.chekealoec.com\/sitio\/wp-content\/uploads\/2020\/07\/android.png\",\"datePublished\":\"2020-03-15T09:46:40+00:00\",\"dateModified\":\"2024-10-02T18:53:24+00:00\",\"description\":\"Con Chekealo! puedes buscar y comprar con comodidad los mejores productos adem\u00e1s de ahorrar dinero. Obt\u00e9n grandes descuentos ademas de ser una plataforma de servicios para todo el ecuador. App Movil, Chekealo, Android, Comprar, Ecuador, Productos, Juguetes, Regalos, Ferreter\u00eda, Obsequios, Aplicaci\u00f3n, Zapatos, Ropa, Comercio electr\u00f3nico, P\u00e1gina web, Publicidad, Marketing, Aplicaciones.\",\"breadcrumb\":{\"@id\":\"https:\/\/www.chekealoec.com\/sitio\/#breadcrumb\"},\"inLanguage\":\"es\",\"potentialAction\":[{\"@type\":\"ReadAction\",\"target\":[\"https:\/\/www.chekealoec.com\/sitio\/\"]}]},{\"@type\":\"ImageObject\",\"inLanguage\":\"es\",\"@id\":\"https:\/\/www.chekealoec.com\/sitio\/#primaryimage\",\"url\":\"https:\/\/www.chekealoec.com\/sitio\/wp-content\/uploads\/2020\/07\/android.png\",\"contentUrl\":\"https:\/\/www.chekealoec.com\/sitio\/wp-content\/uploads\/2020\/07\/android.png\",\"width\":316,\"height\":108},{\"@type\":\"BreadcrumbList\",\"@id\":\"https:\/\/www.chekealoec.com\/sitio\/#breadcrumb\",\"itemListElement\":[{\"@type\":\"ListItem\",\"position\":1,\"name\":\"Home\",\"item\":\"https:\/\/www.chekealoec.com\/sitio\/\"},{\"@type\":\"ListItem\",\"position\":2,\"name\":\"Bienvenidos &#8211; Con Chekealo! puedes buscar y comprar con comodidad los mejores productos adem\u00e1s de ahorrar dinero.\"}]},{\"@type\":\"WebSite\",\"@id\":\"https:\/\/www.chekealoec.com\/sitio\/#website\",\"url\":\"https:\/\/www.chekealoec.com\/sitio\/\",\"name\":\"Chekealo\",\"description\":\"Con Chekealo! puedes buscar y comprar con comodidad los mejores productos adem\u00e1s de ahorrar dinero. Obt\u00e9n grandes descuentos ademas de ser una plataforma de servicios para todo el ecuador. App Movil, Chekealo, Android, Comprar, Ecuador, Productos, Juguetes, Regalos, Ferreter\u00eda, Obsequios, Aplicaci\u00f3n, Zapatos, Ropa, Comercio electr\u00f3nico, P\u00e1gina web, Publicidad, Marketing, Aplicaciones.\",\"publisher\":{\"@id\":\"https:\/\/www.chekealoec.com\/sitio\/#organization\"},\"potentialAction\":[{\"@type\":\"SearchAction\",\"target\":{\"@type\":\"EntryPoint\",\"urlTemplate\":\"https:\/\/www.chekealoec.com\/sitio\/?s={search_term_string}\"},\"query-input\":{\"@type\":\"PropertyValueSpecification\",\"valueRequired\":true,\"valueName\":\"search_term_string\"}}],\"inLanguage\":\"es\"},{\"@type\":\"Organization\",\"@id\":\"https:\/\/www.chekealoec.com\/sitio\/#organization\",\"name\":\"Chekealo!\",\"url\":\"https:\/\/www.chekealoec.com\/sitio\/\",\"logo\":{\"@type\":\"ImageObject\",\"inLanguage\":\"es\",\"@id\":\"https:\/\/www.chekealoec.com\/sitio\/#\/schema\/logo\/image\/\",\"url\":\"https:\/\/www.chekealoec.com\/sitio\/wp-content\/uploads\/2020\/04\/260logo-web.png\",\"contentUrl\":\"https:\/\/www.chekealoec.com\/sitio\/wp-content\/uploads\/2020\/04\/260logo-web.png\",\"width\":260,\"height\":104,\"caption\":\"Chekealo!\"},\"image\":{\"@id\":\"https:\/\/www.chekealoec.com\/sitio\/#\/schema\/logo\/image\/\"},\"sameAs\":[\"https:\/\/www.facebook.com\/Chekealo.ec\/\",\"https:\/\/www.instagram.com\/chekealo.ec\/\"]}]}<\/script>\n<!-- \/ Yoast SEO plugin. -->","yoast_head_json":{"title":"Bienvenidos - Con Chekealo! puedes buscar y comprar con comodidad los mejores productos adem\u00e1s de ahorrar dinero. &#8902; Chekealo","description":"Con Chekealo! puedes buscar y comprar con comodidad los mejores productos adem\u00e1s de ahorrar dinero. Obt\u00e9n grandes descuentos ademas de ser una plataforma de servicios para todo el ecuador. App Movil, Chekealo, Android, Comprar, Ecuador, Productos, Juguetes, Regalos, Ferreter\u00eda, Obsequios, Aplicaci\u00f3n, Zapatos, Ropa, Comercio electr\u00f3nico, P\u00e1gina web, Publicidad, Marketing, Aplicaciones.","robots":{"index":"index","follow":"follow","max-snippet":"max-snippet:-1","max-image-preview":"max-image-preview:large","max-video-preview":"max-video-preview:-1"},"canonical":"https:\/\/www.chekealoec.com\/sitio\/","og_locale":"es_ES","og_type":"article","og_title":"Bienvenidos - Con Chekealo! puedes buscar y comprar con comodidad los mejores productos adem\u00e1s de ahorrar dinero. &#8902; Chekealo","og_description":"Con Chekealo! puedes buscar y comprar con comodidad los mejores productos adem\u00e1s de ahorrar dinero. Obt\u00e9n grandes descuentos ademas de ser una plataforma de servicios para todo el ecuador. App Movil, Chekealo, Android, Comprar, Ecuador, Productos, Juguetes, Regalos, Ferreter\u00eda, Obsequios, Aplicaci\u00f3n, Zapatos, Ropa, Comercio electr\u00f3nico, P\u00e1gina web, Publicidad, Marketing, Aplicaciones.","og_url":"https:\/\/www.chekealoec.com\/sitio\/","og_site_name":"Chekealo","article_publisher":"https:\/\/www.facebook.com\/Chekealo.ec\/","article_modified_time":"2024-10-02T18:53:24+00:00","og_image":[{"url":"https:\/\/www.chekealoec.com\/sitio\/wp-content\/uploads\/2020\/07\/android.png","type":"","width":"","height":""}],"twitter_card":"summary_large_image","twitter_misc":{"Tiempo de lectura":"5 minutos"},"schema":{"@context":"https:\/\/schema.org","@graph":[{"@type":"WebPage","@id":"https:\/\/www.chekealoec.com\/sitio\/","url":"https:\/\/www.chekealoec.com\/sitio\/","name":"Bienvenidos - Con Chekealo! puedes buscar y comprar con comodidad los mejores productos adem\u00e1s de ahorrar dinero. &#8902; Chekealo","isPartOf":{"@id":"https:\/\/www.chekealoec.com\/sitio\/#website"},"primaryImageOfPage":{"@id":"https:\/\/www.chekealoec.com\/sitio\/#primaryimage"},"image":{"@id":"https:\/\/www.chekealoec.com\/sitio\/#primaryimage"},"thumbnailUrl":"https:\/\/www.chekealoec.com\/sitio\/wp-content\/uploads\/2020\/07\/android.png","datePublished":"2020-03-15T09:46:40+00:00","dateModified":"2024-10-02T18:53:24+00:00","description":"Con Chekealo! puedes buscar y comprar con comodidad los mejores productos adem\u00e1s de ahorrar dinero. Obt\u00e9n grandes descuentos ademas de ser una plataforma de servicios para todo el ecuador. App Movil, Chekealo, Android, Comprar, Ecuador, Productos, Juguetes, Regalos, Ferreter\u00eda, Obsequios, Aplicaci\u00f3n, Zapatos, Ropa, Comercio electr\u00f3nico, P\u00e1gina web, Publicidad, Marketing, Aplicaciones.","breadcrumb":{"@id":"https:\/\/www.chekealoec.com\/sitio\/#breadcrumb"},"inLanguage":"es","potentialAction":[{"@type":"ReadAction","target":["https:\/\/www.chekealoec.com\/sitio\/"]}]},{"@type":"ImageObject","inLanguage":"es","@id":"https:\/\/www.chekealoec.com\/sitio\/#primaryimage","url":"https:\/\/www.chekealoec.com\/sitio\/wp-content\/uploads\/2020\/07\/android.png","contentUrl":"https:\/\/www.chekealoec.com\/sitio\/wp-content\/uploads\/2020\/07\/android.png","width":316,"height":108},{"@type":"BreadcrumbList","@id":"https:\/\/www.chekealoec.com\/sitio\/#breadcrumb","itemListElement":[{"@type":"ListItem","position":1,"name":"Home","item":"https:\/\/www.chekealoec.com\/sitio\/"},{"@type":"ListItem","position":2,"name":"Bienvenidos &#8211; Con Chekealo! puedes buscar y comprar con comodidad los mejores productos adem\u00e1s de ahorrar dinero."}]},{"@type":"WebSite","@id":"https:\/\/www.chekealoec.com\/sitio\/#website","url":"https:\/\/www.chekealoec.com\/sitio\/","name":"Chekealo","description":"Con Chekealo! puedes buscar y comprar con comodidad los mejores productos adem\u00e1s de ahorrar dinero. Obt\u00e9n grandes descuentos ademas de ser una plataforma de servicios para todo el ecuador. App Movil, Chekealo, Android, Comprar, Ecuador, Productos, Juguetes, Regalos, Ferreter\u00eda, Obsequios, Aplicaci\u00f3n, Zapatos, Ropa, Comercio electr\u00f3nico, P\u00e1gina web, Publicidad, Marketing, Aplicaciones.","publisher":{"@id":"https:\/\/www.chekealoec.com\/sitio\/#organization"},"potentialAction":[{"@type":"SearchAction","target":{"@type":"EntryPoint","urlTemplate":"https:\/\/www.chekealoec.com\/sitio\/?s={search_term_string}"},"query-input":{"@type":"PropertyValueSpecification","valueRequired":true,"valueName":"search_term_string"}}],"inLanguage":"es"},{"@type":"Organization","@id":"https:\/\/www.chekealoec.com\/sitio\/#organization","name":"Chekealo!","url":"https:\/\/www.chekealoec.com\/sitio\/","logo":{"@type":"ImageObject","inLanguage":"es","@id":"https:\/\/www.chekealoec.com\/sitio\/#\/schema\/logo\/image\/","url":"https:\/\/www.chekealoec.com\/sitio\/wp-content\/uploads\/2020\/04\/260logo-web.png","contentUrl":"https:\/\/www.chekealoec.com\/sitio\/wp-content\/uploads\/2020\/04\/260logo-web.png","width":260,"height":104,"caption":"Chekealo!"},"image":{"@id":"https:\/\/www.chekealoec.com\/sitio\/#\/schema\/logo\/image\/"},"sameAs":["https:\/\/www.facebook.com\/Chekealo.ec\/","https:\/\/www.instagram.com\/chekealo.ec\/"]}]}},"_links":{"self":[{"href":"https:\/\/www.chekealoec.com\/sitio\/wp-json\/wp\/v2\/pages\/54"}],"collection":[{"href":"https:\/\/www.chekealoec.com\/sitio\/wp-json\/wp\/v2\/pages"}],"about":[{"href":"https:\/\/www.chekealoec.com\/sitio\/wp-json\/wp\/v2\/types\/page"}],"author":[{"embeddable":true,"href":"https:\/\/www.chekealoec.com\/sitio\/wp-json\/wp\/v2\/users\/1"}],"replies":[{"embeddable":true,"href":"https:\/\/www.chekealoec.com\/sitio\/wp-json\/wp\/v2\/comments?post=54"}],"version-history":[{"count":53,"href":"https:\/\/www.chekealoec.com\/sitio\/wp-json\/wp\/v2\/pages\/54\/revisions"}],"predecessor-version":[{"id":207,"href":"https:\/\/www.chekealoec.com\/sitio\/wp-json\/wp\/v2\/pages\/54\/revisions\/207"}],"wp:attachment":[{"href":"https:\/\/www.chekealoec.com\/sitio\/wp-json\/wp\/v2\/media?parent=54"}],"curies":[{"name":"wp","href":"https:\/\/api.w.org\/{rel}","templated":true}]}}